{"id":1438,"date":"2025-12-12T12:41:31","date_gmt":"2025-12-12T17:41:31","guid":{"rendered":"https:\/\/jesss.edu.ec\/home\/?page_id=1438"},"modified":"2026-01-20T18:56:40","modified_gmt":"2026-01-20T23:56:40","slug":"s","status":"publish","type":"page","link":"https:\/\/jesss.edu.ec\/home\/?page_id=1438","title":{"rendered":"Departamento M\u00e9dico"},"content":{"rendered":"\t\t<div data-elementor-type=\"wp-page\" data-elementor-id=\"1438\" class=\"elementor elementor-1438\">\n\t\t\t\t<div class=\"elementor-element elementor-element-174937d e-flex e-con-boxed e-con e-parent\" data-id=\"174937d\" data-element_type=\"container\" data-e-type=\"container\">\n\t\t\t\t\t<div class=\"e-con-inner\">\n\t\t\t\t<div class=\"elementor-element elementor-element-5f3a7d0 elementor-widget elementor-widget-spacer\" data-id=\"5f3a7d0\" data-element_type=\"widget\" data-e-type=\"widget\" data-widget_type=\"spacer.default\">\n\t\t\t\t\t\t\t<div class=\"elementor-spacer\">\n\t\t\t<div class=\"elementor-spacer-inner\"><\/div>\n\t\t<\/div>\n\t\t\t\t\t\t<\/div>\n\t\t\t\t\t<\/div>\n\t\t\t\t<\/div>\n\t\t<div class=\"elementor-element elementor-element-ead664e e-flex e-con-boxed e-con e-parent\" data-id=\"ead664e\" data-element_type=\"container\" data-e-type=\"container\" data-settings=\"{&quot;background_background&quot;:&quot;classic&quot;}\">\n\t\t\t\t\t<div class=\"e-con-inner\">\n\t\t<div class=\"elementor-element elementor-element-3589d92 e-con-full e-flex e-con e-child\" data-id=\"3589d92\" data-element_type=\"container\" data-e-type=\"container\" data-settings=\"{&quot;background_background&quot;:&quot;classic&quot;}\">\n\t\t\t\t<div class=\"elementor-element elementor-element-32bd486 elementor-widget elementor-widget-heading\" data-id=\"32bd486\" data-element_type=\"widget\" data-e-type=\"widget\" data-widget_type=\"heading.default\">\n\t\t\t\t\t<h2 class=\"elementor-heading-title elementor-size-default\">DEPARTAMENTO M\u00c9DICO<\/h2>\t\t\t\t<\/div>\n\t\t\t\t<\/div>\n\t\t\t\t\t<\/div>\n\t\t\t\t<\/div>\n\t\t<div class=\"elementor-element elementor-element-da0276f e-con-full e-flex e-con e-parent\" data-id=\"da0276f\" data-element_type=\"container\" data-e-type=\"container\">\n\t\t<div class=\"elementor-element elementor-element-5896c3f e-con-full e-flex e-con e-child\" data-id=\"5896c3f\" data-element_type=\"container\" data-e-type=\"container\" data-settings=\"{&quot;background_background&quot;:&quot;classic&quot;}\">\n\t\t<div class=\"elementor-element elementor-element-c3fbffc e-con-full e-flex e-con e-child\" data-id=\"c3fbffc\" data-element_type=\"container\" data-e-type=\"container\">\n\t\t\t\t<div class=\"elementor-element elementor-element-3508ab5 elementor-widget elementor-widget-image\" data-id=\"3508ab5\" data-element_type=\"widget\" data-e-type=\"widget\" data-widget_type=\"image.default\">\n\t\t\t\t\t\t\t\t\t\t\t\t\t\t\t<img fetchpriority=\"high\" decoding=\"async\" width=\"1024\" height=\"726\" src=\"https:\/\/jesss.edu.ec\/home\/wp-content\/uploads\/2025\/11\/Disen\u0303o-sin-ti\u0301tulo-4-1-1024x726.png\" class=\"attachment-large size-large wp-image-1039\" alt=\"\" srcset=\"https:\/\/jesss.edu.ec\/home\/wp-content\/uploads\/2025\/11\/Disen\u0303o-sin-ti\u0301tulo-4-1-1024x726.png 1024w, https:\/\/jesss.edu.ec\/home\/wp-content\/uploads\/2025\/11\/Disen\u0303o-sin-ti\u0301tulo-4-1-300x213.png 300w, https:\/\/jesss.edu.ec\/home\/wp-content\/uploads\/2025\/11\/Disen\u0303o-sin-ti\u0301tulo-4-1-768x545.png 768w, https:\/\/jesss.edu.ec\/home\/wp-content\/uploads\/2025\/11\/Disen\u0303o-sin-ti\u0301tulo-4-1-1536x1090.png 1536w, https:\/\/jesss.edu.ec\/home\/wp-content\/uploads\/2025\/11\/Disen\u0303o-sin-ti\u0301tulo-4-1.png 1748w\" sizes=\"(max-width: 1024px) 100vw, 1024px\" \/>\t\t\t\t\t\t\t\t\t\t\t\t\t\t\t<\/div>\n\t\t<div class=\"elementor-element elementor-element-1f5805d e-con-full e-flex e-con e-child\" data-id=\"1f5805d\" data-element_type=\"container\" data-e-type=\"container\" data-settings=\"{&quot;background_background&quot;:&quot;classic&quot;}\">\n\t\t\t\t<div class=\"elementor-element elementor-element-cec423c elementor-widget elementor-widget-heading\" data-id=\"cec423c\" data-element_type=\"widget\" data-e-type=\"widget\" data-widget_type=\"heading.default\">\n\t\t\t\t\t<h2 class=\"elementor-heading-title elementor-size-default\">Patricio Guevara<\/h2>\t\t\t\t<\/div>\n\t\t\t\t<div class=\"elementor-element elementor-element-4895c13 elementor-widget elementor-widget-text-editor\" data-id=\"4895c13\" data-element_type=\"widget\" data-e-type=\"widget\" data-widget_type=\"text-editor.default\">\n\t\t\t\t\t\t\t\t\t<p style=\"text-align: center;\"><span style=\"color: #0000ff;\">Coordinador Departamento M\u00e9dico<\/span><\/p>\t\t\t\t\t\t\t\t<\/div>\n\t\t\t\t<\/div>\n\t\t\t\t<\/div>\n\t\t\t\t<\/div>\n\t\t\t\t<\/div>\n\t\t<div class=\"elementor-element elementor-element-8414b73 e-flex e-con-boxed e-con e-parent\" data-id=\"8414b73\" data-element_type=\"container\" data-e-type=\"container\" data-settings=\"{&quot;background_background&quot;:&quot;classic&quot;}\">\n\t\t\t\t\t<div class=\"e-con-inner\">\n\t\t<div class=\"elementor-element elementor-element-e64927d e-con-full e-flex e-con e-child\" data-id=\"e64927d\" data-element_type=\"container\" data-e-type=\"container\" data-settings=\"{&quot;background_background&quot;:&quot;classic&quot;}\">\n\t\t\t\t<div class=\"elementor-element elementor-element-c16b556 elementor-widget elementor-widget-text-editor\" data-id=\"c16b556\" data-element_type=\"widget\" data-e-type=\"widget\" data-widget_type=\"text-editor.default\">\n\t\t\t\t\t\t\t\t\t<p style=\"text-align: center;\"><span style=\"color: #0000ff;\"><strong>El Departamento M\u00e9dico planifica y ejecuta programas durante el a\u00f1o lectivo, como: <br \/>campa\u00f1as de vacunaci\u00f3n dispuestas por el MSP, orientaci\u00f3n nutricional, loncheras saludables, prevenci\u00f3n del consumo de drogas y alcohol, educaci\u00f3n en sexualidad y afectividad, prevenci\u00f3n del embarazo adolescente, prevenci\u00f3n de la violencia, y acciones enmarcadas en el <br \/>Plan Nacional para la Seguridad en el \u00c1mbito Educativo \u201cNos Cuidamos\u201d<\/strong><\/span><\/p>\t\t\t\t\t\t\t\t<\/div>\n\t\t\t\t<\/div>\n\t\t\t\t\t<\/div>\n\t\t\t\t<\/div>\n\t\t<div class=\"elementor-element elementor-element-b79582b e-flex e-con-boxed e-con e-parent\" data-id=\"b79582b\" data-element_type=\"container\" data-e-type=\"container\">\n\t\t\t\t\t<div class=\"e-con-inner\">\n\t\t\t\t<div class=\"elementor-element elementor-element-4432cbc elementor-widget elementor-widget-spacer\" data-id=\"4432cbc\" data-element_type=\"widget\" data-e-type=\"widget\" data-widget_type=\"spacer.default\">\n\t\t\t\t\t\t\t<div class=\"elementor-spacer\">\n\t\t\t<div class=\"elementor-spacer-inner\"><\/div>\n\t\t<\/div>\n\t\t\t\t\t\t<\/div>\n\t\t\t\t\t<\/div>\n\t\t\t\t<\/div>\n\t\t<div class=\"elementor-element elementor-element-9a57d8a e-flex e-con-boxed e-con e-parent\" data-id=\"9a57d8a\" data-element_type=\"container\" data-e-type=\"container\" data-settings=\"{&quot;background_background&quot;:&quot;classic&quot;}\">\n\t\t\t\t\t<div class=\"e-con-inner\">\n\t\t<div class=\"elementor-element elementor-element-aa46ee0 e-con-full e-flex e-con e-child\" data-id=\"aa46ee0\" data-element_type=\"container\" data-e-type=\"container\" data-settings=\"{&quot;background_background&quot;:&quot;classic&quot;}\">\n\t\t\t\t<div class=\"elementor-element elementor-element-69b0605 elementor-widget elementor-widget-heading\" data-id=\"69b0605\" data-element_type=\"widget\" data-e-type=\"widget\" data-widget_type=\"heading.default\">\n\t\t\t\t\t<h2 class=\"elementor-heading-title elementor-size-default\">Atenci\u00f3n de accidentes \ndentro de la instituci\u00f3n<\/h2>\t\t\t\t<\/div>\n\t\t\t\t<\/div>\n\t\t<div class=\"elementor-element elementor-element-77b5a85 e-con-full e-flex e-con e-child\" data-id=\"77b5a85\" data-element_type=\"container\" data-e-type=\"container\" data-settings=\"{&quot;background_background&quot;:&quot;classic&quot;}\">\n\t\t\t\t<div class=\"elementor-element elementor-element-30851fe elementor-widget elementor-widget-text-editor\" data-id=\"30851fe\" data-element_type=\"widget\" data-e-type=\"widget\" data-widget_type=\"text-editor.default\">\n\t\t\t\t\t\t\t\t\t<p style=\"text-align: center;\"><span style=\"color: #ffffff;\"><strong>El personal m\u00e9dico brinda la primera atenci\u00f3n a estudiantes y colaboradores. En caso de que la situaci\u00f3n requiera cuidados de mayor complejidad, el paciente ser\u00e1 derivado a la cl\u00ednica u hospital correspondiente a su proveedor de salud. <\/strong><\/span><\/p><p style=\"text-align: center;\"><span style=\"color: #ffffff;\"><strong>Este proceso se realizar\u00e1 siempre en coordinaci\u00f3n con los padres de familia, quienes ser\u00e1n informados de manera oportuna.<\/strong><\/span><\/p>\t\t\t\t\t\t\t\t<\/div>\n\t\t\t\t<\/div>\n\t\t\t\t\t<\/div>\n\t\t\t\t<\/div>\n\t\t<div class=\"elementor-element elementor-element-82c9727 e-flex e-con-boxed e-con e-parent\" data-id=\"82c9727\" data-element_type=\"container\" data-e-type=\"container\">\n\t\t\t\t\t<div class=\"e-con-inner\">\n\t\t\t\t<div class=\"elementor-element elementor-element-7ed12e9 elementor-widget elementor-widget-spacer\" data-id=\"7ed12e9\" data-element_type=\"widget\" data-e-type=\"widget\" data-widget_type=\"spacer.default\">\n\t\t\t\t\t\t\t<div class=\"elementor-spacer\">\n\t\t\t<div class=\"elementor-spacer-inner\"><\/div>\n\t\t<\/div>\n\t\t\t\t\t\t<\/div>\n\t\t\t\t\t<\/div>\n\t\t\t\t<\/div>\n\t\t<div class=\"elementor-element elementor-element-c40910d e-flex e-con-boxed e-con e-parent\" data-id=\"c40910d\" data-element_type=\"container\" data-e-type=\"container\" data-settings=\"{&quot;background_background&quot;:&quot;classic&quot;}\">\n\t\t\t\t\t<div class=\"e-con-inner\">\n\t\t<div class=\"elementor-element elementor-element-93962b0 e-con-full e-flex e-con e-child\" data-id=\"93962b0\" data-element_type=\"container\" data-e-type=\"container\" data-settings=\"{&quot;background_background&quot;:&quot;classic&quot;}\">\n\t\t\t\t<div class=\"elementor-element elementor-element-ba9b88f elementor-widget elementor-widget-heading\" data-id=\"ba9b88f\" data-element_type=\"widget\" data-e-type=\"widget\" data-widget_type=\"heading.default\">\n\t\t\t\t\t<h2 class=\"elementor-heading-title elementor-size-default\"> Atenci\u00f3n de consultas m\u00e9dicas<\/h2>\t\t\t\t<\/div>\n\t\t\t\t<\/div>\n\t\t<div class=\"elementor-element elementor-element-3e887d7 e-con-full e-flex e-con e-child\" data-id=\"3e887d7\" data-element_type=\"container\" data-e-type=\"container\" data-settings=\"{&quot;background_background&quot;:&quot;classic&quot;}\">\n\t\t\t\t<div class=\"elementor-element elementor-element-7e873bf elementor-widget elementor-widget-text-editor\" data-id=\"7e873bf\" data-element_type=\"widget\" data-e-type=\"widget\" data-widget_type=\"text-editor.default\">\n\t\t\t\t\t\t\t\t\t<p style=\"text-align: center;\"><strong><span style=\"color: #0000ff;\">Al acercarse estudiantes o personal m\u00e9dico,\u00a0 se evaluar\u00e1n s\u00edntomas tales como fiebre, dolor, n\u00e1useas, v\u00f3mito, diarrea, entre otros. <\/span><\/strong><\/p><p style=\"text-align: center;\"><strong><span style=\"color: #0000ff;\">De acuerdo con la valoraci\u00f3n m\u00e9dica, el estudiante podr\u00e1 permanecer en la instituci\u00f3n, retornar a casa para reposo o ser remitido a su pediatra, m\u00e9dico familiar o especialista.<\/span><\/strong><\/p><p style=\"text-align: center;\"><strong><span style=\"color: #0000ff;\">En el caso de estudiantes, la instituci\u00f3n se comunicar\u00e1 con los padres de familia para informar las recomendaciones pertinentes.<\/span><\/strong><\/p>\t\t\t\t\t\t\t\t<\/div>\n\t\t\t\t<\/div>\n\t\t\t\t\t<\/div>\n\t\t\t\t<\/div>\n\t\t<div class=\"elementor-element elementor-element-1fc380a e-flex e-con-boxed e-con e-parent\" data-id=\"1fc380a\" data-element_type=\"container\" data-e-type=\"container\">\n\t\t\t\t\t<div class=\"e-con-inner\">\n\t\t\t\t<div class=\"elementor-element elementor-element-f9be87d elementor-widget elementor-widget-spacer\" data-id=\"f9be87d\" data-element_type=\"widget\" data-e-type=\"widget\" data-widget_type=\"spacer.default\">\n\t\t\t\t\t\t\t<div class=\"elementor-spacer\">\n\t\t\t<div class=\"elementor-spacer-inner\"><\/div>\n\t\t<\/div>\n\t\t\t\t\t\t<\/div>\n\t\t\t\t\t<\/div>\n\t\t\t\t<\/div>\n\t\t<div class=\"elementor-element elementor-element-d84b6c6 e-flex e-con-boxed e-con e-parent\" data-id=\"d84b6c6\" data-element_type=\"container\" data-e-type=\"container\" data-settings=\"{&quot;background_background&quot;:&quot;classic&quot;}\">\n\t\t\t\t\t<div class=\"e-con-inner\">\n\t\t<div class=\"elementor-element elementor-element-ec9343b e-con-full e-flex e-con e-child\" data-id=\"ec9343b\" data-element_type=\"container\" data-e-type=\"container\" data-settings=\"{&quot;background_background&quot;:&quot;classic&quot;}\">\n\t\t\t\t<div class=\"elementor-element elementor-element-8b45f57 elementor-widget elementor-widget-heading\" data-id=\"8b45f57\" data-element_type=\"widget\" data-e-type=\"widget\" data-widget_type=\"heading.default\">\n\t\t\t\t\t<h2 class=\"elementor-heading-title elementor-size-default\">Colaboraci\u00f3n con el DECE<\/h2>\t\t\t\t<\/div>\n\t\t\t\t<\/div>\n\t\t<div class=\"elementor-element elementor-element-fba5d38 e-con-full e-flex e-con e-child\" data-id=\"fba5d38\" data-element_type=\"container\" data-e-type=\"container\" data-settings=\"{&quot;background_background&quot;:&quot;classic&quot;}\">\n\t\t\t\t<div class=\"elementor-element elementor-element-bc511c4 elementor-widget__width-initial elementor-widget elementor-widget-text-editor\" data-id=\"bc511c4\" data-element_type=\"widget\" data-e-type=\"widget\" data-widget_type=\"text-editor.default\">\n\t\t\t\t\t\t\t\t\t<p style=\"text-align: center;\"><strong><span style=\"color: #0000ff;\">Con el prop\u00f3sito de dar una buena atenci\u00f3n y soporte a nuestros estudiantes y personal institucional se brindar\u00e1 apoyo al <br \/>Departamento de Consejer\u00eda Estudiantil promoviendo el cuidado, bienestar y desarrollo integral de los estudiantes.<\/span><\/strong><\/p>\t\t\t\t\t\t\t\t<\/div>\n\t\t\t\t<\/div>\n\t\t\t\t\t<\/div>\n\t\t\t\t<\/div>\n\t\t\t\t<\/div>\n\t\t","protected":false},"excerpt":{"rendered":"<p>DEPARTAMENTO M\u00c9DICO Patricio Guevara Coordinador Departamento M\u00e9dico El Departamento M\u00e9dico planifica y ejecuta programas durante el a\u00f1o lectivo, como: campa\u00f1as de vacunaci\u00f3n dispuestas por el MSP, orientaci\u00f3n nutricional, loncheras saludables, prevenci\u00f3n del consumo de drogas y alcohol, educaci\u00f3n en sexualidad y afectividad, prevenci\u00f3n del embarazo adolescente, prevenci\u00f3n de la violencia, y acciones enmarcadas en el&hellip;&nbsp;<\/p>\n","protected":false},"author":1,"featured_media":0,"parent":0,"menu_order":0,"comment_status":"closed","ping_status":"closed","template":"page-templates\/template-pagebuilder-full-width.php","meta":{"neve_meta_sidebar":"","neve_meta_container":"","neve_meta_enable_content_width":"","neve_meta_content_width":0,"neve_meta_title_alignment":"","neve_meta_author_avatar":"","neve_post_elements_order":"","neve_meta_disable_header":"","neve_meta_disable_footer":"","neve_meta_disable_title":"","footnotes":""},"class_list":["post-1438","page","type-page","status-publish","hentry"],"_links":{"self":[{"href":"https:\/\/jesss.edu.ec\/home\/index.php?rest_route=\/wp\/v2\/pages\/1438","targetHints":{"allow":["GET"]}}],"collection":[{"href":"https:\/\/jesss.edu.ec\/home\/index.php?rest_route=\/wp\/v2\/pages"}],"about":[{"href":"https:\/\/jesss.edu.ec\/home\/index.php?rest_route=\/wp\/v2\/types\/page"}],"author":[{"embeddable":true,"href":"https:\/\/jesss.edu.ec\/home\/index.php?rest_route=\/wp\/v2\/users\/1"}],"replies":[{"embeddable":true,"href":"https:\/\/jesss.edu.ec\/home\/index.php?rest_route=%2Fwp%2Fv2%2Fcomments&post=1438"}],"version-history":[{"count":8,"href":"https:\/\/jesss.edu.ec\/home\/index.php?rest_route=\/wp\/v2\/pages\/1438\/revisions"}],"predecessor-version":[{"id":1642,"href":"https:\/\/jesss.edu.ec\/home\/index.php?rest_route=\/wp\/v2\/pages\/1438\/revisions\/1642"}],"wp:attachment":[{"href":"https:\/\/jesss.edu.ec\/home\/index.php?rest_route=%2Fwp%2Fv2%2Fmedia&parent=1438"}],"curies":[{"name":"wp","href":"https:\/\/api.w.org\/{rel}","templated":true}]}}